{"id":119,"date":"2026-05-10T09:00:00","date_gmt":"2026-05-10T06:00:00","guid":{"rendered":"https:\/\/rakennusveikko.fi\/?page_id=119"},"modified":"2026-05-10T19:08:21","modified_gmt":"2026-05-10T19:08:21","slug":"etusivu","status":"publish","type":"page","link":"https:\/\/rakennusveikko.fi\/","title":{"rendered":"Etusivu"},"content":{"rendered":"\n<section class=\"wp-block-group alignfull rv-hero rv-reveal is-layout-flow wp-block-group-is-layout-flow\" id=\"etusivu\">\n<div class=\"wp-block-group rv-hero-grid is-layout-flow wp-block-group-is-layout-flow\">\n<div class=\"wp-block-group rv-hero-text is-layout-flow wp-block-group-is-layout-flow\">\n<h1 class=\"wp-block-heading rv-hero-title\">Laadulla ja <span class=\"rv-accent-underline\">aikataulussa.<\/span><\/h1>\n\n\n\n<p class=\"rv-hero-lead\">Paikallinen tekij\u00e4, henkil\u00f6kohtainen ote. Rakennus Veikko hoitaa remontit alusta loppuun. Pintaremonteista kokonaisvaltaisiin huoneistoremontteihin.<\/p>\n\n\n\n<div class=\"wp-block-buttons rv-hero-ctas is-layout-flex wp-block-buttons-is-layout-flex\">\n<div class=\"wp-block-button is-style-rv-primary\"><a class=\"wp-block-button__link wp-element-button\" href=\"\/#yhteys\">Pyyd\u00e4 tarjous \u2192<\/a><\/div>\n\n\n\n<div class=\"wp-block-button is-style-rv-outline\"><a class=\"wp-block-button__link wp-element-button\" href=\"tel:+358415436213\">\u260f  041 5436 213<\/a><\/div>\n<\/div>\n\n\n\n<div class=\"rv-hero-trust\">\n        <div class=\"rv-hero-trust-item\">\n          <span class=\"rv-hero-trust-num\">2026<\/span>\n          <span class=\"rv-hero-trust-cap\">Perustettu<\/span>\n        <\/div>\n        <div class=\"rv-hero-trust-item\">\n          <span class=\"rv-hero-trust-num\">Jyv\u00e4skyl\u00e4<\/span>\n          <span class=\"rv-hero-trust-cap\">Toiminta-alue<\/span>\n        <\/div>\n        <div class=\"rv-hero-trust-item\">\n          <span class=\"rv-hero-trust-num\">Henkil\u00f6kohtainen<\/span>\n          <span class=\"rv-hero-trust-cap\">Ote joka projektiin<\/span>\n        <\/div>\n      <\/div>\n<\/div>\n\n\n\n  \n  <div class=\"wp-block-group rv-hero-stage is-layout-flow wp-block-group-is-layout-flow\">\n\n    \n    <figure class=\"wp-block-image rv-hero-stage-img\"><img decoding=\"async\" src=\"\/wp-content\/themes\/rakennus-veikko\/assets\/images\/rakennus-veikko-logo.png\" alt=\"Rakennus Veikko\" \/><\/figure>\n    \n\n    \n    <span class=\"stage-corner bl\">Keski-Suomen<br> Rakennus Veikko<\/span>\n    \n\n  <\/div>\n  \n<\/div>\n<\/section>\n\n\n\n<section class=\"wp-block-group alignfull rv-services-section rv-reveal is-layout-flow wp-block-group-is-layout-flow\" id=\"palvelut\">\n<div class=\"wp-block-group rv-sec-head is-layout-flow wp-block-group-is-layout-flow\">\n<div class=\"wp-block-group is-layout-flow wp-block-group-is-layout-flow\">\n<h2 class=\"wp-block-heading\">Remontti just sulle?<\/h2>\n<\/div>\n\n\n\n<p>Keski-Suomen Rakennus Veikko Oy toteuttaa kaikki kodin remontit selke\u00e4ll\u00e4 sopimuksella, rehellisell\u00e4 hinnoittelulla ja ammattitaidolla.<\/p>\n<\/div>\n\n\n\n<div class=\"wp-block-group rv-services is-layout-flow wp-block-group-is-layout-flow\">\n<div class=\"wp-block-group rv-service rv-service--featured is-layout-flow wp-block-group-is-layout-flow\">\n<p class=\"rv-service-num\" style=\"margin-top:0;margin-bottom:8px\">01 \u2014 M\u00e4rk\u00e4tilat<\/p>\n\n\n\n<h3 class=\"wp-block-heading\">Kylpyhuoneremontit<\/h3>\n\n\n\n<p>T\u00e4yden palvelun m\u00e4rk\u00e4tilaremontit: purkuty\u00f6t, vedeneristys, laatoitus, kalusteet ja LVI. Sertifioidut materiaalit ja loppukatselmus kuuluvat urakkaan.<\/p>\n<\/div>\n\n\n\n<div class=\"wp-block-group rv-service rv-service--alt is-layout-flow wp-block-group-is-layout-flow\">\n<p class=\"rv-service-num\" style=\"margin-top:0;margin-bottom:8px\">02 \u2014 Keitti\u00f6t<\/p>\n\n\n\n<h3 class=\"wp-block-heading\">Keitti\u00f6remontit<\/h3>\n\n\n\n<p>Kaapistot, tasot, kodinkoneet, s\u00e4hk\u00f6ty\u00f6t ja LVI. Yhteisty\u00f6 tunnettujen keitti\u00f6kalustetoimittajien kanssa. Sin\u00e4 valitset tyylin, me hoidamme asennuksen.<\/p>\n<\/div>\n\n\n\n<div class=\"wp-block-group rv-service is-layout-flow wp-block-group-is-layout-flow\">\n<p class=\"rv-service-num\" style=\"margin-top:0;margin-bottom:8px\">03 \u2014 Pinnat &amp; huoneistot<\/p>\n\n\n\n<h3 class=\"wp-block-heading\">Pintaremontit &amp; huoneistoremontit<\/h3>\n\n\n\n<p>Maalaukset, tapetoinnit, lattianvaihdot. Tai koko asunnon kokonaisvaltainen remontti yhdell\u00e4 sopimuksella. Yksi yhteyshenkil\u00f6 koko projektin ajan.<\/p>\n<\/div>\n<\/div>\n<\/section>\n\n\n\n<section class=\"wp-block-group alignfull rv-promises-section rv-reveal is-layout-flow wp-block-group-is-layout-flow\" id=\"lupaukset\">\n<div class=\"wp-block-group rv-sec-head is-layout-flow wp-block-group-is-layout-flow\">\n<div class=\"wp-block-group is-layout-flow wp-block-group-is-layout-flow\">\n<h2 class=\"wp-block-heading\">Kolme lupausta<\/h2>\n<\/div>\n<\/div>\n\n\n\n<div class=\"wp-block-group rv-promises is-layout-flow wp-block-group-is-layout-flow\">\n<div class=\"wp-block-group rv-promise is-layout-flow wp-block-group-is-layout-flow\">\n<p class=\"rv-promise-num\" style=\"margin-top:0;margin-bottom:0\">01<\/p>\n\n\n\n<h3 class=\"wp-block-heading\">Paikallinen tekij\u00e4<\/h3>\n\n\n\n<p>Olemme Jyv\u00e4skyl\u00e4l\u00e4isi\u00e4. Tunnemme alueen asuntokannan, taloyhti\u00f6iden k\u00e4yt\u00e4nn\u00f6t ja paikalliset tavarantoimittajat. Kun soitat, puhut suoraan yritt\u00e4j\u00e4lle, et puhelinvaihteeseen.<\/p>\n<\/div>\n\n\n\n<div class=\"wp-block-group rv-promise is-layout-flow wp-block-group-is-layout-flow\">\n<p class=\"rv-promise-num\" style=\"margin-top:0;margin-bottom:0\">02<\/p>\n\n\n\n<h3 class=\"wp-block-heading\">Sovittu hinta pit\u00e4\u00e4<\/h3>\n\n\n\n<p>Tarjous on tarjous. Jos lis\u00e4t\u00f6it\u00e4 tulee, niist\u00e4 sovitaan kirjallisesti ennen aloittamista. Ei piilokuluja, ei huonoja yll\u00e4tyksi\u00e4.<\/p>\n<\/div>\n\n\n\n<div class=\"wp-block-group rv-promise is-layout-flow wp-block-group-is-layout-flow\">\n<p class=\"rv-promise-num\" style=\"margin-top:0;margin-bottom:0\">03<\/p>\n\n\n\n<h3 class=\"wp-block-heading\">Henkil\u00f6kohtainen ote<\/h3>\n\n\n\n<p>Sama tekij\u00e4 suunnittelusta luovutukseen. Viikoittainen tilannekatsaus, valokuvat ja aina tavoitettavissa oleva yhteyshenkil\u00f6.<\/p>\n<\/div>\n<\/div>\n<\/section>\n\n\n\n<section class=\"wp-block-group alignfull rv-process-section rv-reveal is-layout-flow wp-block-group-is-layout-flow\" id=\"prosessi\">\n<div class=\"wp-block-group rv-sec-head is-layout-flow wp-block-group-is-layout-flow\">\n<div class=\"wp-block-group is-layout-flow wp-block-group-is-layout-flow\">\n<h2 class=\"wp-block-heading\">Homma l\u00e4htee liikkeelle n\u00e4in<\/h2>\n<\/div>\n\n\n\n<p>Kolme askelta yhteydenotosta aloitusp\u00e4iv\u00e4\u00e4n. Ei byrokratiaa, ei turhaa odottelua.<\/p>\n<\/div>\n\n\n\n<div class=\"wp-block-group rv-process is-layout-flow wp-block-group-is-layout-flow\">\n<div class=\"wp-block-group rv-step is-layout-flow wp-block-group-is-layout-flow\">\n<p class=\"rv-step-num\" style=\"margin-top:0;margin-bottom:0\">01<\/p>\n\n\n\n<div class=\"wp-block-group rv-step-body is-layout-flow wp-block-group-is-layout-flow\">\n<h3 class=\"wp-block-heading\">Ota yhteytt\u00e4<\/h3>\n\n\n\n<p>Soita, laita s\u00e4hk\u00f6postia tai t\u00e4yt\u00e4 lomake. Vastaus tulee viimeist\u00e4\u00e4n seuraavana arkip\u00e4iv\u00e4n\u00e4.<\/p>\n<\/div>\n<\/div>\n\n\n\n<div class=\"wp-block-group rv-step is-layout-flow wp-block-group-is-layout-flow\">\n<p class=\"rv-step-num\" style=\"margin-top:0;margin-bottom:0\">02<\/p>\n\n\n\n<div class=\"wp-block-group rv-step-body is-layout-flow wp-block-group-is-layout-flow\">\n<h3 class=\"wp-block-heading\">Tavataan ja suunnitellaan<\/h3>\n\n\n\n<p>Me tullaan paikan p\u00e4\u00e4lle, katsotaan kohde yhdess\u00e4 ja kartoitetaan toiveet. T\u00e4m\u00e4 k\u00e4ynti on aina ilmainen.<\/p>\n<\/div>\n<\/div>\n\n\n\n<div class=\"wp-block-group rv-step is-layout-flow wp-block-group-is-layout-flow\">\n<p class=\"rv-step-num\" style=\"margin-top:0;margin-bottom:0\">03<\/p>\n\n\n\n<div class=\"wp-block-group rv-step-body is-layout-flow wp-block-group-is-layout-flow\">\n<h3 class=\"wp-block-heading\">Tarjous ja aikataulu<\/h3>\n\n\n\n<p>Saat kirjallisen tarjouksen ja realistisen aikataulun. Kun allekirjoitat sopimuksen, niin me laitetaan hihat heilumaan.<\/p>\n<\/div>\n<\/div>\n<\/div>\n<\/section>\n\n\n\n<section class=\"wp-block-group alignfull rv-testimonials-section rv-reveal is-layout-flow wp-block-group-is-layout-flow\" id=\"asiakkaat\">\n<div class=\"wp-block-group rv-sec-head is-layout-flow wp-block-group-is-layout-flow\">\n<div class=\"wp-block-group is-layout-flow wp-block-group-is-layout-flow\">\n<h2 class=\"wp-block-heading\">Mit\u00e4 muut meist\u00e4 sanovat<\/h2>\n<\/div>\n<\/div>\n\n\n\n<div class=\"wp-block-group rv-testimonials is-layout-flow wp-block-group-is-layout-flow\">\n<div class=\"wp-block-group rv-testimonial is-layout-flow wp-block-group-is-layout-flow\">\n<p style=\"margin-top:0;margin-bottom:0\"><p class=\"rv-testimonial-stars\" style=\"margin-top:0;margin-bottom:0\" aria-label=\"5 \/ 5 t\u00e4hte\u00e4\">\u2605 \u2605 \u2605 \u2605 \u2605<\/p><\/p>\n\n\n\n<p class=\"rv-testimonial-quote\">Kylpyhuoneremontti eteni t\u00e4sm\u00e4lleen sovitussa aikataulussa ja hinta piti paikkansa viimeiseen senttiin. Taneli oli aina tavoitettavissa ja piti meid\u00e4t ajan tasalla koko projektin.<\/p>\n\n\n\n<p class=\"rv-testimonial-attribution\" style=\"margin-top:0;margin-bottom:0\">Teemu, Mannila \u00b7 kylpyhuoneremontti<\/p>\n<\/div>\n\n\n\n<div class=\"wp-block-group rv-testimonial is-layout-flow wp-block-group-is-layout-flow\">\n<p style=\"margin-top:0;margin-bottom:0\"><p class=\"rv-testimonial-stars\" style=\"margin-top:0;margin-bottom:0\" aria-label=\"5 \/ 5 t\u00e4hte\u00e4\">\u2605 \u2605 \u2605 \u2605 \u2605<\/p><\/p>\n\n\n\n<p class=\"rv-testimonial-quote\">Rehellinen ja ammattitaitoinen tekij\u00e4. Keitti\u00f6remontti oli iso projekti, mutta se vietiin l\u00e4pi ilman yht\u00e4k\u00e4\u00e4n yll\u00e4tyst\u00e4. Suositellaan l\u00e4mpim\u00e4sti.<\/p>\n\n\n\n<p class=\"rv-testimonial-attribution\" style=\"margin-top:0;margin-bottom:0\">Jari &amp; Katja, Jyv\u00e4skyl\u00e4 \u00b7 keitti\u00f6remontti<\/p>\n<\/div>\n\n\n\n<div class=\"wp-block-group rv-testimonial is-layout-flow wp-block-group-is-layout-flow\">\n<p style=\"margin-top:0;margin-bottom:0\"><p class=\"rv-testimonial-stars\" style=\"margin-top:0;margin-bottom:0\" aria-label=\"5 \/ 5 t\u00e4hte\u00e4\">\u2605 \u2605 \u2605 \u2605 \u2605<\/p><\/p>\n\n\n\n<p class=\"rv-testimonial-quote\">Paikallinen yritys, joka tekee mit\u00e4 lupaa. Pintaremontti tehtiin parissa viikossa. Asunto n\u00e4ytt\u00e4\u00e4 uudelta. Kiitos!<\/p>\n\n\n\n<p class=\"rv-testimonial-attribution\" style=\"margin-top:0;margin-bottom:0\">Anja, Muurame \u00b7 pintaremontti<\/p>\n<\/div>\n<\/div>\n<\/section>\n\n\n\n<section class=\"wp-block-group alignfull rv-contact-section rv-reveal is-layout-flow wp-block-group-is-layout-flow\" id=\"yhteys\">\n<div class=\"wp-block-group rv-contact is-layout-flow wp-block-group-is-layout-flow\">\n<div class=\"wp-block-group rv-contact-left is-layout-flow wp-block-group-is-layout-flow\">\n<h2 class=\"wp-block-heading\">Haluatko aloittaa remontin?<\/h2>\n\n\n\n<p>Soita Tanelille suoraan, laita s\u00e4hk\u00f6postia tai t\u00e4yt\u00e4 lomake. Vastaus tulee viimeist\u00e4\u00e4n seuraavana arkip\u00e4iv\u00e4n\u00e4. Paikan p\u00e4\u00e4ll\u00e4 k\u00e4ynti on aina ilmainen.<\/p>\n\n\n\n<div class=\"rv-contact-rows\">\n        <div class=\"rv-contact-row\">\n          <strong><a href=\"tel:+358415436213\">041 5436 213<\/a><\/strong>\n          <span>Taneli \u00b7 Ma\u2013Pe 7\u201316<\/span>\n        <\/div>\n        <div class=\"rv-contact-row\">\n          <strong><a href=\"mailto:taneli@rakennusveikko.fi\">taneli@rakennusveikko.fi<\/a><\/strong>\n          <span>Vastaus 1 arkip\u00e4iv\u00e4ss\u00e4<\/span>\n        <\/div>\n        <div class=\"rv-contact-row\">\n          <strong>Janakantie 12, 40800 Jyv\u00e4skyl\u00e4<\/strong>\n          <span>Y-tunnus \u00b7 3609894-3<\/span>\n        <\/div>\n      <\/div>\n<\/div>\n\n\n\n  \n  <div class=\"rv-contact-right\">\n    <div class=\"rv-form-wrap\">\n      \n<div class=\"wpcf7 no-js\" id=\"wpcf7-f116-o1\" lang=\"fi\" dir=\"ltr\" data-wpcf7-id=\"116\">\n<div class=\"screen-reader-response\"><p role=\"status\" aria-live=\"polite\" aria-atomic=\"true\"><\/p> <ul><\/ul><\/div>\n<form action=\"\/index.php?rest_route=%2Fwp%2Fv2%2Fpages%2F119#wpcf7-f116-o1\" method=\"post\" class=\"wpcf7-form init\" aria-label=\"Yhteydenottolomake\" novalidate=\"novalidate\" data-status=\"init\">\n<fieldset class=\"hidden-fields-container\"><input type=\"hidden\" name=\"_wpcf7\" value=\"116\" \/><input type=\"hidden\" name=\"_wpcf7_version\" value=\"6.1.6\" \/><input type=\"hidden\" name=\"_wpcf7_locale\" value=\"fi\" \/><input type=\"hidden\" name=\"_wpcf7_unit_tag\" value=\"wpcf7-f116-o1\" \/><input type=\"hidden\" name=\"_wpcf7_container_post\" value=\"0\" \/><input type=\"hidden\" name=\"_wpcf7_posted_data_hash\" value=\"\" \/>\n<\/fieldset>\n<div class=\"rv-row\">\n\t<p><label>Nimi<br \/>\n<span class=\"wpcf7-form-control-wrap\" data-name=\"your-name\"><input size=\"40\" maxlength=\"400\" class=\"wpcf7-form-control wpcf7-text wpcf7-validates-as-required\" aria-required=\"true\" aria-invalid=\"false\" placeholder=\"Matti Meik\u00e4l\u00e4inen\" value=\"\" type=\"text\" name=\"your-name\" \/><\/span><\/label><br \/>\n<label>Puhelinnumero<br \/>\n<span class=\"wpcf7-form-control-wrap\" data-name=\"your-phone\"><input size=\"40\" maxlength=\"400\" class=\"wpcf7-form-control wpcf7-tel wpcf7-validates-as-required wpcf7-text wpcf7-validates-as-tel\" aria-required=\"true\" aria-invalid=\"false\" placeholder=\"041 5436 213\" value=\"\" type=\"tel\" name=\"your-phone\" \/><\/span><\/label>\n\t<\/p>\n<\/div>\n<p><label>S\u00e4hk\u00f6posti<br \/>\n<span class=\"wpcf7-form-control-wrap\" data-name=\"your-email\"><input size=\"40\" maxlength=\"400\" class=\"wpcf7-form-control wpcf7-email wpcf7-validates-as-required wpcf7-text wpcf7-validates-as-email\" aria-required=\"true\" aria-invalid=\"false\" placeholder=\"matti@esimerkki.fi\" value=\"\" type=\"email\" name=\"your-email\" \/><\/span> <\/label>\n<\/p>\n<p><label>Palvelu<br \/>\n<span class=\"wpcf7-form-control-wrap\" data-name=\"service\"><select class=\"wpcf7-form-control wpcf7-select\" aria-invalid=\"false\" name=\"service\"><option value=\"Kylpyhuoneremontti\">Kylpyhuoneremontti<\/option><option value=\"Keitti\u00f6remontti\">Keitti\u00f6remontti<\/option><option value=\"Pintaremontti\">Pintaremontti<\/option><option value=\"Huoneistoremontti\">Huoneistoremontti<\/option><option value=\"Jokin muu\">Jokin muu<\/option><\/select><\/span> <\/label>\n<\/p>\n<p><label>Kerro lyhyesti projektista<br \/>\n<span class=\"wpcf7-form-control-wrap\" data-name=\"your-message\"><textarea cols=\"40\" rows=\"10\" maxlength=\"2000\" class=\"wpcf7-form-control wpcf7-textarea\" aria-invalid=\"false\" placeholder=\"Esim. 7 m\u00b2 kylpyhuone, koko m\u00e4rk\u00e4tila uusiksi.\" name=\"your-message\"><\/textarea><\/span> <\/label>\n<\/p>\n<p><input class=\"wpcf7-form-control wpcf7-submit has-spinner\" type=\"submit\" value=\"L\u00e4het\u00e4 tarjouspyynt\u00f6 \u2192\" \/>\n<\/p><div class=\"wpcf7-response-output\" aria-hidden=\"true\"><\/div>\n<\/form>\n<\/div>\n\n    <\/div>\n  <\/div>\n  \n<\/div>\n<\/section>\n","protected":false},"excerpt":{"rendered":"<p>Paikallinen tekij\u00e4, henkil\u00f6kohtainen ote. Rakennus Veikko hoitaa remontit alusta loppuun.<\/p>\n","protected":false},"author":3,"featured_media":0,"parent":0,"menu_order":0,"comment_status":"closed","ping_status":"closed","template":"","meta":{"footnotes":""},"class_list":["post-119","page","type-page","status-publish","hentry"],"yoast_head":"<!-- This site is optimized with the Yoast SEO plugin v27.6 - https:\/\/yoast.com\/product\/yoast-seo-wordpress\/ -->\n<title>Etusivu - Rakennus Veikko<\/title>\n<meta name=\"robots\" content=\"index, follow, max-snippet:-1, max-image-preview:large, max-video-preview:-1\" \/>\n<link rel=\"canonical\" href=\"https:\/\/rakennusveikko.fi\/\" \/>\n<meta property=\"og:locale\" content=\"fi_FI\" \/>\n<meta property=\"og:type\" content=\"article\" \/>\n<meta property=\"og:title\" content=\"Etusivu - Rakennus Veikko\" \/>\n<meta property=\"og:description\" content=\"Paikallinen tekij\u00e4, henkil\u00f6kohtainen ote. Rakennus Veikko hoitaa remontit alusta loppuun.\" \/>\n<meta property=\"og:url\" content=\"https:\/\/rakennusveikko.fi\/\" \/>\n<meta property=\"og:site_name\" content=\"Rakennus Veikko\" \/>\n<meta property=\"article:modified_time\" content=\"2026-05-10T19:08:21+00:00\" \/>\n<meta property=\"og:image\" content=\"https:\/\/rakennusveikko.fi\/wp-content\/uploads\/2026\/04\/Rakennus-Veikko-Share.png\" \/>\n\t<meta property=\"og:image:width\" content=\"1200\" \/>\n\t<meta property=\"og:image:height\" content=\"675\" \/>\n\t<meta property=\"og:image:type\" content=\"image\/png\" \/>\n<meta name=\"twitter:card\" content=\"summary_large_image\" \/>\n<meta name=\"twitter:label1\" content=\"Arvioitu lukuaika\" \/>\n\t<meta name=\"twitter:data1\" content=\"3 minuuttia\" \/>\n<script type=\"application\/ld+json\" class=\"yoast-schema-graph\">{\"@context\":\"https:\\\/\\\/schema.org\",\"@graph\":[{\"@type\":\"WebPage\",\"@id\":\"https:\\\/\\\/rakennusveikko.fi\\\/\",\"url\":\"https:\\\/\\\/rakennusveikko.fi\\\/\",\"name\":\"Etusivu - Rakennus Veikko\",\"isPartOf\":{\"@id\":\"https:\\\/\\\/rakennusveikko.fi\\\/#website\"},\"datePublished\":\"2026-05-10T06:00:00+00:00\",\"dateModified\":\"2026-05-10T19:08:21+00:00\",\"breadcrumb\":{\"@id\":\"https:\\\/\\\/rakennusveikko.fi\\\/#breadcrumb\"},\"inLanguage\":\"fi\",\"potentialAction\":[{\"@type\":\"ReadAction\",\"target\":[\"https:\\\/\\\/rakennusveikko.fi\\\/\"]}]},{\"@type\":\"BreadcrumbList\",\"@id\":\"https:\\\/\\\/rakennusveikko.fi\\\/#breadcrumb\",\"itemListElement\":[{\"@type\":\"ListItem\",\"position\":1,\"name\":\"Etusivu\",\"item\":\"https:\\\/\\\/rakennusveikko.fi\\\/\"},{\"@type\":\"ListItem\",\"position\":2,\"name\":\"Etusivu\"}]},{\"@type\":\"WebSite\",\"@id\":\"https:\\\/\\\/rakennusveikko.fi\\\/#website\",\"url\":\"https:\\\/\\\/rakennusveikko.fi\\\/\",\"name\":\"Rakennus Veikko\",\"description\":\"Rakentaminen ja remontit Jyv\u00e4skyl\u00e4\",\"publisher\":{\"@id\":\"https:\\\/\\\/rakennusveikko.fi\\\/#organization\"},\"potentialAction\":[{\"@type\":\"SearchAction\",\"target\":{\"@type\":\"EntryPoint\",\"urlTemplate\":\"https:\\\/\\\/rakennusveikko.fi\\\/?s={search_term_string}\"},\"query-input\":{\"@type\":\"PropertyValueSpecification\",\"valueRequired\":true,\"valueName\":\"search_term_string\"}}],\"inLanguage\":\"fi\"},{\"@type\":\"Organization\",\"@id\":\"https:\\\/\\\/rakennusveikko.fi\\\/#organization\",\"name\":\"Rakennus Veikko\",\"url\":\"https:\\\/\\\/rakennusveikko.fi\\\/\",\"logo\":{\"@type\":\"ImageObject\",\"inLanguage\":\"fi\",\"@id\":\"https:\\\/\\\/rakennusveikko.fi\\\/#\\\/schema\\\/logo\\\/image\\\/\",\"url\":\"https:\\\/\\\/rakennusveikko.fi\\\/wp-content\\\/uploads\\\/2026\\\/04\\\/rakennus-veikko.png\",\"contentUrl\":\"https:\\\/\\\/rakennusveikko.fi\\\/wp-content\\\/uploads\\\/2026\\\/04\\\/rakennus-veikko.png\",\"width\":1698,\"height\":1799,\"caption\":\"Rakennus Veikko\"},\"image\":{\"@id\":\"https:\\\/\\\/rakennusveikko.fi\\\/#\\\/schema\\\/logo\\\/image\\\/\"}}]}<\/script>\n<!-- \/ Yoast SEO plugin. -->","yoast_head_json":{"title":"Etusivu - Rakennus Veikko","robots":{"index":"index","follow":"follow","max-snippet":"max-snippet:-1","max-image-preview":"max-image-preview:large","max-video-preview":"max-video-preview:-1"},"canonical":"https:\/\/rakennusveikko.fi\/","og_locale":"fi_FI","og_type":"article","og_title":"Etusivu - Rakennus Veikko","og_description":"Paikallinen tekij\u00e4, henkil\u00f6kohtainen ote. Rakennus Veikko hoitaa remontit alusta loppuun.","og_url":"https:\/\/rakennusveikko.fi\/","og_site_name":"Rakennus Veikko","article_modified_time":"2026-05-10T19:08:21+00:00","og_image":[{"width":1200,"height":675,"url":"https:\/\/rakennusveikko.fi\/wp-content\/uploads\/2026\/04\/Rakennus-Veikko-Share.png","type":"image\/png"}],"twitter_card":"summary_large_image","twitter_misc":{"Arvioitu lukuaika":"3 minuuttia"},"schema":{"@context":"https:\/\/schema.org","@graph":[{"@type":"WebPage","@id":"https:\/\/rakennusveikko.fi\/","url":"https:\/\/rakennusveikko.fi\/","name":"Etusivu - Rakennus Veikko","isPartOf":{"@id":"https:\/\/rakennusveikko.fi\/#website"},"datePublished":"2026-05-10T06:00:00+00:00","dateModified":"2026-05-10T19:08:21+00:00","breadcrumb":{"@id":"https:\/\/rakennusveikko.fi\/#breadcrumb"},"inLanguage":"fi","potentialAction":[{"@type":"ReadAction","target":["https:\/\/rakennusveikko.fi\/"]}]},{"@type":"BreadcrumbList","@id":"https:\/\/rakennusveikko.fi\/#breadcrumb","itemListElement":[{"@type":"ListItem","position":1,"name":"Etusivu","item":"https:\/\/rakennusveikko.fi\/"},{"@type":"ListItem","position":2,"name":"Etusivu"}]},{"@type":"WebSite","@id":"https:\/\/rakennusveikko.fi\/#website","url":"https:\/\/rakennusveikko.fi\/","name":"Rakennus Veikko","description":"Rakentaminen ja remontit Jyv\u00e4skyl\u00e4","publisher":{"@id":"https:\/\/rakennusveikko.fi\/#organization"},"potentialAction":[{"@type":"SearchAction","target":{"@type":"EntryPoint","urlTemplate":"https:\/\/rakennusveikko.fi\/?s={search_term_string}"},"query-input":{"@type":"PropertyValueSpecification","valueRequired":true,"valueName":"search_term_string"}}],"inLanguage":"fi"},{"@type":"Organization","@id":"https:\/\/rakennusveikko.fi\/#organization","name":"Rakennus Veikko","url":"https:\/\/rakennusveikko.fi\/","logo":{"@type":"ImageObject","inLanguage":"fi","@id":"https:\/\/rakennusveikko.fi\/#\/schema\/logo\/image\/","url":"https:\/\/rakennusveikko.fi\/wp-content\/uploads\/2026\/04\/rakennus-veikko.png","contentUrl":"https:\/\/rakennusveikko.fi\/wp-content\/uploads\/2026\/04\/rakennus-veikko.png","width":1698,"height":1799,"caption":"Rakennus Veikko"},"image":{"@id":"https:\/\/rakennusveikko.fi\/#\/schema\/logo\/image\/"}}]}},"_links":{"self":[{"href":"https:\/\/rakennusveikko.fi\/index.php?rest_route=\/wp\/v2\/pages\/119","targetHints":{"allow":["GET"]}}],"collection":[{"href":"https:\/\/rakennusveikko.fi\/index.php?rest_route=\/wp\/v2\/pages"}],"about":[{"href":"https:\/\/rakennusveikko.fi\/index.php?rest_route=\/wp\/v2\/types\/page"}],"author":[{"embeddable":true,"href":"https:\/\/rakennusveikko.fi\/index.php?rest_route=\/wp\/v2\/users\/3"}],"replies":[{"embeddable":true,"href":"https:\/\/rakennusveikko.fi\/index.php?rest_route=%2Fwp%2Fv2%2Fcomments&post=119"}],"version-history":[{"count":10,"href":"https:\/\/rakennusveikko.fi\/index.php?rest_route=\/wp\/v2\/pages\/119\/revisions"}],"predecessor-version":[{"id":258,"href":"https:\/\/rakennusveikko.fi\/index.php?rest_route=\/wp\/v2\/pages\/119\/revisions\/258"}],"wp:attachment":[{"href":"https:\/\/rakennusveikko.fi\/index.php?rest_route=%2Fwp%2Fv2%2Fmedia&parent=119"}],"curies":[{"name":"wp","href":"https:\/\/api.w.org\/{rel}","templated":true}]}}